{"id":3,"date":"2022-01-21T11:35:26","date_gmt":"2022-01-21T11:35:26","guid":{"rendered":"https:\/\/metis-con.com\/?page_id=3"},"modified":"2022-06-23T20:05:37","modified_gmt":"2022-06-23T17:05:37","slug":"privacy-policy","status":"publish","type":"page","link":"https:\/\/metis-con.com\/de\/privacy-policy\/","title":{"rendered":"Datenschutzerkl\u00e4rung"},"content":{"rendered":"<div data-elementor-type=\"wp-page\" data-elementor-id=\"3\" class=\"elementor elementor-3\" data-elementor-post-type=\"page\">\n\t\t\t\t\t\t<section class=\"elementor-section elementor-top-section elementor-element elementor-element-df87f2c elementor-section-boxed elementor-section-height-default elementor-section-height-default\" data-id=\"df87f2c\" data-element_type=\"section\" data-e-type=\"section\">\n\t\t\t\t\t\t<div class=\"elementor-container elementor-column-gap-default\">\n\t\t\t\t\t<div class=\"elementor-column elementor-col-100 elementor-top-column elementor-element elementor-element-4445b5b\" data-id=\"4445b5b\" data-element_type=\"column\" data-e-type=\"column\">\n\t\t\t<div class=\"elementor-widget-wrap elementor-element-populated\">\n\t\t\t\t\t\t<div class=\"elementor-element elementor-element-734e301 elementor-widget elementor-widget-heading\" data-id=\"734e301\" data-element_type=\"widget\" data-e-type=\"widget\" data-widget_type=\"heading.default\">\n\t\t\t\t<div class=\"elementor-widget-container\">\n\t\t\t\t\t<h1 class=\"elementor-heading-title elementor-size-default\">Datenschutzerkl\u00e4rung gem\u00e4\u00df DSGVO<\/h1>\t\t\t\t<\/div>\n\t\t\t\t<\/div>\n\t\t\t\t<div class=\"elementor-element elementor-element-507a509 elementor-widget elementor-widget-text-editor\" data-id=\"507a509\" data-element_type=\"widget\" data-e-type=\"widget\" data-widget_type=\"text-editor.default\">\n\t\t\t\t<div class=\"elementor-widget-container\">\n\t\t\t\t\t\t\t\t\t<p><strong>ALLGEMEINE INFORMATIONEN<\/strong><br \/>Die Nutzung der Webseiten und Dienstleistungen, die dem Besucher\/Nutzer von der Website www.metis-con.com\n bereitgestellt werden, setzt Ihre uneingeschr\u00e4nkte Zustimmung zu den Datenschutzbestimmungen dieser Website voraus.\nDaher muss der Besucher\/Nutzer den Inhalt dieser Seite sorgf\u00e4ltig lesen, bevor er die Dienste unserer Website nutzt.\nWenn er\/sie nicht einverstanden ist, sollte er\/sie die Website verlassen und keine Nutzung ihrer Dienste und Inhalte vornehmen.<br \/>Diese Datenschutzrichtlinie kann sich von Zeit zu Zeit \u00e4ndern, abh\u00e4ngig von gesetzlichen Bestimmungen oder Entwicklungen in der Branche.\nWir werden unsere Kunden oder Nutzer dieser Website nicht ausdr\u00fccklich \u00fcber diese \u00c4nderungen informieren. Stattdessen empfehlen wir Ihnen, diese Seite regelm\u00e4\u00dfig zu \u00fcberpr\u00fcfen, um etwaige \u00c4nderungen an dieser Datenschutzrichtlinie zu erkennen.\nDie fortgesetzte Nutzung der Website www.metis-con.com\n auch nach \u00c4nderungen der Datenschutzrichtlinie bedeutet die uneingeschr\u00e4nkte Annahme dieser Bedingungen durch Sie.<\/p><p><strong>Schutz personenbezogener Daten<\/strong><br \/>Wir erheben und verarbeiten Ihre personenbezogenen Daten nur, wenn dies unbedingt erforderlich ist.<br \/>Wir werden Ihre pers\u00f6nlichen Informationen niemals verkaufen, vermieten, verbreiten oder in irgendeiner Weise offenlegen.<br \/>Wenn Sie unter 16 Jahre alt sind, m\u00fcssen Sie die Zustimmung Ihrer Eltern haben, bevor Sie die Dienste dieser Website nutzen.<\/p><p><strong>Relevante Gesetzgebung<\/strong><br \/>Neben den internen Informationssystemen unseres Unternehmens ist diese Website so konzipiert, dass sie den folgenden Gesetzen\/Vorschriften zum Schutz personenbezogener Daten der Nutzer entspricht:<br \/>1. EU-Datenschutzrichtlinie 1995 (DPD)<br \/>2. EU-Datenschutz-Grundverordnung (DSGVO) 2018<\/p><p>Von dieser Website gesammelte personenbezogene Daten und Zweck der Erhebung<br \/>Diese Website sammelt und verwendet personenbezogene Daten aus folgenden Gr\u00fcnden:<\/p><p><strong>\u00dcberwachung des Website-Verkehrs<\/strong><\/p><p>Wie die meisten Websites verwendet sie Google Analytics (GA), um die Benutzeraktivit\u00e4t zu verfolgen.\nWir verwenden diese Daten, um festzustellen, wie viele Personen unsere Website besuchen, wie sie uns finden, wie sie unsere Seiten nutzen und wie sie sich innerhalb der Website bewegen.\nObwohl GA Daten wie geografischen Standort, Ger\u00e4t, Browser und Betriebssystem erfasst, werden uns diese Informationen nicht pers\u00f6nlich offengelegt.\nGA zeichnet auch die IP-Adresse Ihres Computers auf, die Sie theoretisch identifizieren k\u00f6nnte \u2013 Google gew\u00e4hrt uns jedoch keinen Zugriff darauf.\nWir gehen davon aus, dass Google als Drittanbieter-Datenverarbeiter die Anforderungen des europ\u00e4ischen Datenschutzrechts erf\u00fcllt.<\/p><p><strong>Kontaktformulare und E-Mail-Links<\/strong><br \/>Wenn Sie uns \u00fcber ein Kontaktformular oder per E-Mail kontaktieren, werden die von Ihnen angegebenen Daten nicht auf dieser Website gespeichert und nicht an Dritte weitergegeben oder verarbeitet (wie im Abschnitt \u201eUnsere Drittanbieter-Datenverarbeiter\u201c definiert).\nStattdessen werden diese Daten per E-Mail \u00fcber das SMTP-Protokoll (Simple Mail Transfer Protocol) an uns gesendet.\nUnsere SMTP-Server sind durch ein TLS-Sicherheitsprotokoll (auch bekannt als SSL) gesch\u00fctzt, was bedeutet, dass der E-Mail-Inhalt verschl\u00fcsselt \u00fcbertragen wird.\nDer Inhalt wird auf unseren lokalen Computern und Ger\u00e4ten entschl\u00fcsselt.<\/p><p><strong>\u00dcber Cookies, Was ist ein Cookie?<\/strong><br \/>Der Begriff \u201eCookie\u201c bezeichnet eine kleine Datendatei, die ausschlie\u00dflich aus einer Reihe von Textinformationen besteht und die die Website w\u00e4hrend Ihres Besuchs vor\u00fcbergehend oder manchmal auch f\u00fcr l\u00e4ngere Zeitr\u00e4ume, je nach Art des Cookies, auf den Webbrowser auf der Festplatte Ihres Computers \u00fcbertr\u00e4gt. Cookies erf\u00fcllen verschiedene Funktionen (z. B. unterscheiden sie Sie von anderen Besuchern derselben Website oder merken sich bestimmte Dinge \u00fcber Sie, wie z. B. Ihre Pr\u00e4ferenzen) und werden von den meisten Websites verwendet, um Ihre Benutzererfahrung zu verbessern.<br \/>Jedes Cookie ist f\u00fcr Ihren Browser einzigartig und enth\u00e4lt einige anonyme Informationen. Ein Cookie enth\u00e4lt in der Regel den Namen des Feldes, aus dem das Cookie stammt, die \u201eLebensdauer\u201c des Cookies sowie einen Wert (in der Regel in Form einer zuf\u00e4llig generierten eindeutigen Nummer).<\/p><p><strong>Arten von Cookies<\/strong><br \/>The basic types of cookies that websites may use are described below<\/p><p>Sitzungs-Cookies (Session Cookies)<br \/>Tempor\u00e4re Cookies, die nur w\u00e4hrend Ihres Besuchs im Browser verbleiben und beim Schlie\u00dfen gel\u00f6scht werden.<br \/>Dauerhafte Cookies (Persistent Cookies)<br \/>Bleiben auch nach dem Schlie\u00dfen des Browsers erhalten (manchmal bis zu einem Jahr oder l\u00e4nger). Sie werden verwendet, um Sie \u00fcber mehrere Besuche hinweg wiederzuerkennen (z. B. Benutzername oder Website-Einstellungen).<br \/><u>Erstanbieter-Cookies (First-Party Cookies)<\/u><br \/>Werden direkt von der besuchten Website gesetzt, oft zur Verwaltung von Sitzungen oder Identifikation.<br \/><u>Drittanbieter-Cookies (Third-Party Cookies)<\/u><br \/>Werden von externen Diensten (z. B. sozialen Netzwerken) gesetzt, um Ihre Aktivit\u00e4ten auf verschiedenen Websites zu verfolgen. Der Websitebetreiber hat keine Kontrolle \u00fcber diese Cookies.<\/p><p><b>Cookies auf dieser Website und Verwaltung<\/b><br \/>Wir verwenden Cookies, um die Nutzungserfahrung zu verbessern.\nWenn Sie Cookies deaktivieren oder ablehnen, kann die Funktionalit\u00e4t der Website beeintr\u00e4chtigt werden.<br \/>Weitere Informationen zur Verwaltung von Cookies finden Sie unter: www.aboutcookies.org<\/p><p><b>Google Analytics Cookies<\/b><br \/>Dies sind Leistungs- und Analytik-Cookies, die uns helfen, anonyme Informationen \u00fcber die Nutzung der Website zu sammeln \u2013 z. B. Anzahl der Besucher, Zugriffszeiten und Navigationsmuster.<br \/>Die Informationen sind anonym und enthalten keine personenbezogenen Daten.<br \/>Sie werden auf Google-Servern gem\u00e4\u00df der Google-Datenschutzrichtlinie gespeichert.<br \/>Mehr Informationen: https:\/\/support.google.com\/analytics\/answer\/6004245<br \/>Deaktivierung: https:\/\/tools.google.com\/dlpage\/gaoptout?hl=de<br \/>Wenn Sie diese Cookies deaktivieren, werden Ihre Besuche nicht gez\u00e4hlt und nicht in die Statistik aufgenommen. Die Funktionalit\u00e4t der Website bleibt jedoch erhalten.<\/p><p><b>Cookies von Videoanbietern (Google, Vimeo, Dailymotion usw.)<\/b><br \/>Diese Anbieter k\u00f6nnen Cookies auf Ihrem Ger\u00e4t setzen, wenn Sie eingebettete Videos auf unserer Website ansehen.<br \/>Wenn Sie diese Cookies deaktivieren, k\u00f6nnen Sie m\u00f6glicherweise keine eingebetteten Videos anzeigen.<\/p><p><b>Cookies von sozialen Netzwerken<\/b><br \/>Soziale Netzwerke k\u00f6nnen Cookies setzen, wenn Sie Inhalte unserer Website \u00fcber \u201eTeilen\u201c-Schaltfl\u00e4chen weitergeben.<br \/>Wenn Sie diese Cookies deaktivieren, steht die \u201eTeilen\u201c-Funktion nicht zur Verf\u00fcgung.<\/p><p><b>\u00dcber den Server dieser Website<\/b><br \/>Der gesamte Datenverkehr zwischen dieser Website und Ihrem Browser ist verschl\u00fcsselt und wird \u00fcber HTTPS mit SSL (Secure Sockets Layer) \u00fcbertragen.<\/p><p><b>Unsere Drittanbieter-Datenverarbeiter<\/b><br \/>Wir arbeiten mit sorgf\u00e4ltig ausgew\u00e4hlten Dritten zusammen, die personenbezogene Daten in unserem Auftrag verarbeiten und die geltende Datenschutzgesetzgebung einhalten.<\/p><p><b>Datenverletzungen<\/b><br \/>Alle gespeicherten personenbezogenen Daten werden nach h\u00f6chsten Sicherheitsstandards gesch\u00fctzt.<br \/>Sollte ein rechtswidriger Versto\u00df gegen diese Website oder eine Datenbank Dritter auftreten, werden wir innerhalb von 72 Stunden die betroffenen Personen und die zust\u00e4ndigen Beh\u00f6rden informieren \u2013 sofern eindeutig personenbezogene Daten in identifizierbarer Form betroffen sind.<\/p>\t\t\t\t\t\t\t\t<\/div>\n\t\t\t\t<\/div>\n\t\t\t\t\t<\/div>\n\t\t<\/div>\n\t\t\t\t\t<\/div>\n\t\t<\/section>\n\t\t\t\t<section class=\"elementor-section elementor-top-section elementor-element elementor-element-7d8cb84 elementor-section-boxed elementor-section-height-default elementor-section-height-default\" data-id=\"7d8cb84\" data-element_type=\"section\" data-e-type=\"section\">\n\t\t\t\t\t\t<div class=\"elementor-container elementor-column-gap-default\">\n\t\t\t\t\t<div class=\"elementor-column elementor-col-50 elementor-top-column elementor-element elementor-element-09ec66f\" data-id=\"09ec66f\" data-element_type=\"column\" data-e-type=\"column\">\n\t\t\t<div class=\"elementor-widget-wrap elementor-element-populated\">\n\t\t\t\t\t\t<div class=\"elementor-element elementor-element-f9baefb elementor-align-center elementor-mobile-align-justify elementor-widget elementor-widget-button\" data-id=\"f9baefb\" data-element_type=\"widget\" data-e-type=\"widget\" data-widget_type=\"button.default\">\n\t\t\t\t<div class=\"elementor-widget-container\">\n\t\t\t\t\t\t\t\t\t<div class=\"elementor-button-wrapper\">\n\t\t\t\t\t<a class=\"elementor-button elementor-button-link elementor-size-md elementor-animation-grow\" href=\"https:\/\/metis-con.com\/de\/\">\n\t\t\t\t\t\t<span class=\"elementor-button-content-wrapper\">\n\t\t\t\t\t\t\t\t\t<span class=\"elementor-button-text\">Zur\u00fcck zur Startseite<\/span>\n\t\t\t\t\t<\/span>\n\t\t\t\t\t<\/a>\n\t\t\t\t<\/div>\n\t\t\t\t\t\t\t\t<\/div>\n\t\t\t\t<\/div>\n\t\t\t\t\t<\/div>\n\t\t<\/div>\n\t\t\t\t<div class=\"elementor-column elementor-col-50 elementor-top-column elementor-element elementor-element-41ed646\" data-id=\"41ed646\" data-element_type=\"column\" data-e-type=\"column\">\n\t\t\t<div class=\"elementor-widget-wrap elementor-element-populated\">\n\t\t\t\t\t\t<div class=\"elementor-element elementor-element-75ceaef elementor-align-center elementor-mobile-align-justify elementor-widget elementor-widget-button\" data-id=\"75ceaef\" data-element_type=\"widget\" data-e-type=\"widget\" data-widget_type=\"button.default\">\n\t\t\t\t<div class=\"elementor-widget-container\">\n\t\t\t\t\t\t\t\t\t<div class=\"elementor-button-wrapper\">\n\t\t\t\t\t<a class=\"elementor-button elementor-button-link elementor-size-md elementor-animation-grow\" href=\"https:\/\/metis-con.com\/de\/connect-with-us\/\">\n\t\t\t\t\t\t<span class=\"elementor-button-content-wrapper\">\n\t\t\t\t\t\t\t\t\t<span class=\"elementor-button-text\">Zur\u00fcck zu Kontakt<\/span>\n\t\t\t\t\t<\/span>\n\t\t\t\t\t<\/a>\n\t\t\t\t<\/div>\n\t\t\t\t\t\t\t\t<\/div>\n\t\t\t\t<\/div>\n\t\t\t\t\t<\/div>\n\t\t<\/div>\n\t\t\t\t\t<\/div>\n\t\t<\/section>\n\t\t\t\t<\/div>","protected":false},"excerpt":{"rendered":"<p>Privacy Policy in compliance with GDPR GENERAL INFORMATIONThe use of the web pages and services provided to the visitor \/ user, from the website www.metis-con.com, presupposes your unconditional agreement with the Privacy Policy on the Protection of Personal Data of this website. Therefore, the visitor \/ user must read the contents of this page carefully, [&hellip;]<\/p>\n","protected":false},"author":1,"featured_media":0,"parent":0,"menu_order":0,"comment_status":"closed","ping_status":"open","template":"elementor_header_footer","meta":{"footnotes":""},"class_list":["post-3","page","type-page","status-publish","hentry"],"blocksy_meta":{"styles_descriptor":{"styles":{"desktop":"","tablet":"","mobile":""},"google_fonts":[],"version":6}},"_links":{"self":[{"href":"https:\/\/metis-con.com\/de\/wp-json\/wp\/v2\/pages\/3","targetHints":{"allow":["GET"]}}],"collection":[{"href":"https:\/\/metis-con.com\/de\/wp-json\/wp\/v2\/pages"}],"about":[{"href":"https:\/\/metis-con.com\/de\/wp-json\/wp\/v2\/types\/page"}],"author":[{"embeddable":true,"href":"https:\/\/metis-con.com\/de\/wp-json\/wp\/v2\/users\/1"}],"replies":[{"embeddable":true,"href":"https:\/\/metis-con.com\/de\/wp-json\/wp\/v2\/comments?post=3"}],"version-history":[{"count":0,"href":"https:\/\/metis-con.com\/de\/wp-json\/wp\/v2\/pages\/3\/revisions"}],"wp:attachment":[{"href":"https:\/\/metis-con.com\/de\/wp-json\/wp\/v2\/media?parent=3"}],"curies":[{"name":"wp","href":"https:\/\/api.w.org\/{rel}","templated":true}]}}